{"id":93,"date":"2017-04-25T08:04:53","date_gmt":"2017-04-25T08:04:53","guid":{"rendered":"http:\/\/cerak.fi\/?page_id=93"},"modified":"2017-04-25T11:49:30","modified_gmt":"2017-04-25T11:49:30","slug":"ammattirakennuttajille-ja-kiinteistosijoittajille","status":"publish","type":"page","link":"https:\/\/cerak.fi\/?page_id=93","title":{"rendered":"Ammattirakennuttajille ja kiinteist\u00f6sijoittajille"},"content":{"rendered":"<ul> <li> <p align=\"LEFT\"><span style=\"font-family: Arial,serif;\"><span style=\"font-size: small;\">Rakennuttajakonsulttipalvelut ja projektinjohtoteht\u00e4v\u00e4t<a href=\"http:\/\/cerak.fi\/wp-content\/uploads\/2017\/04\/IMG_6834-e1493106242660.jpg\"><img loading=\"lazy\" decoding=\"async\" class=\"alignright wp-image-76 size-medium\" src=\"http:\/\/cerak.fi\/wp-content\/uploads\/2017\/04\/IMG_6834-e1493106242660-224x300.jpg\" alt=\"\" width=\"224\" height=\"300\" srcset=\"https:\/\/cerak.fi\/wp-content\/uploads\/2017\/04\/IMG_6834-e1493106242660-224x300.jpg 224w, https:\/\/cerak.fi\/wp-content\/uploads\/2017\/04\/IMG_6834-e1493106242660-768x1028.jpg 768w, https:\/\/cerak.fi\/wp-content\/uploads\/2017\/04\/IMG_6834-e1493106242660-765x1024.jpg 765w, https:\/\/cerak.fi\/wp-content\/uploads\/2017\/04\/IMG_6834-e1493106242660.jpg 968w\" sizes=\"auto, (max-width: 224px) 100vw, 224px\" \/><\/a><\/span><\/span><\/p> <\/li> <li> <p align=\"LEFT\"><span style=\"font-family: Arial,serif;\"><span style=\"font-size: small;\">Rakennussuunnitelmien tarkastuspalvelu <\/span><\/span><\/p> <\/li> <li> <p align=\"LEFT\"><span style=\"font-family: Arial,serif;\"><span style=\"font-size: small;\">Tarkastusasiakirjat ja aikataulusuunnittelu <\/span><\/span><\/p> <\/li> <li> <p align=\"LEFT\"><span style=\"font-family: Arial,serif;\"><span style=\"font-size: small;\">Turvallisuuskoordinaattorin teht\u00e4v\u00e4, ty\u00f6turvallisuuskonsultointi<\/span><\/span><\/p> <\/li> <li> <p align=\"LEFT\"><span style=\"font-family: Arial,serif;\"><span style=\"font-size: small;\">Projektien valvontasuunnitelmat ja laadunvarmistusasiakirjat <\/span><\/span><\/p> <\/li> <li> <p align=\"LEFT\"><span style=\"font-family: Arial,serif;\"><span style=\"font-size: small;\">Rakennustekninen ty\u00f6maavalvonta ja talotekniikka-asennusten perusvalvonta. Tate &#8211; erikoisvalvonta tarvittaessa yhteisty\u00f6kumppaneittemme kautta<\/span><\/span><\/p> <\/li> <li> <p align=\"LEFT\"><span style=\"font-family: Arial,serif;\"><span style=\"font-size: small;\">Muut rakennustekniset tarkastukset, asiantuntijateht\u00e4v\u00e4t ja lausunnot, riita-asiat, sek\u00e4 sovittelu<\/span><\/span><\/p> <\/li> <li> <p align=\"LEFT\"><span style=\"font-family: Arial,serif;\"><span style=\"font-size: small;\">Vuosi- ja takuutarkastusten asiantuntijateht\u00e4v\u00e4t, 10- v. vastuutarkastukset, koordinointi ja rakennustekniset 10 v. tarkastukset<\/span><\/span><\/p> <\/li> <\/ul> ","protected":false},"excerpt":{"rendered":"<p>Rakennuttajakonsulttipalvelut ja projektinjohtoteht\u00e4v\u00e4t Rakennussuunnitelmien tarkastuspalvelu Tarkastusasiakirjat ja aikataulusuunnittelu Turvallisuuskoordinaattorin teht\u00e4v\u00e4, ty\u00f6turvallisuuskonsultointi Projektien valvontasuunnitelmat ja laadunvarmistusasiakirjat Rakennustekninen ty\u00f6maavalvonta ja talotekniikka-asennusten perusvalvonta. Tate &#8211; erikoisvalvonta tarvittaessa yhteisty\u00f6kumppaneittemme kautta Muut rakennustekniset tarkastukset, asiantuntijateht\u00e4v\u00e4t ja lausunnot, riita-asiat, sek\u00e4 sovittelu Vuosi- ja takuutarkastusten asiantuntijateht\u00e4v\u00e4t, 10- v. vastuutarkastukset, koordinointi ja rakennustekniset 10 v. tarkastukset<\/p>\n","protected":false},"author":1,"featured_media":0,"parent":0,"menu_order":0,"comment_status":"closed","ping_status":"closed","template":"","meta":{"footnotes":""},"class_list":["post-93","page","type-page","status-publish","hentry"],"_links":{"self":[{"href":"https:\/\/cerak.fi\/index.php?rest_route=\/wp\/v2\/pages\/93","targetHints":{"allow":["GET"]}}],"collection":[{"href":"https:\/\/cerak.fi\/index.php?rest_route=\/wp\/v2\/pages"}],"about":[{"href":"https:\/\/cerak.fi\/index.php?rest_route=\/wp\/v2\/types\/page"}],"author":[{"embeddable":true,"href":"https:\/\/cerak.fi\/index.php?rest_route=\/wp\/v2\/users\/1"}],"replies":[{"embeddable":true,"href":"https:\/\/cerak.fi\/index.php?rest_route=%2Fwp%2Fv2%2Fcomments&post=93"}],"version-history":[{"count":2,"href":"https:\/\/cerak.fi\/index.php?rest_route=\/wp\/v2\/pages\/93\/revisions"}],"predecessor-version":[{"id":96,"href":"https:\/\/cerak.fi\/index.php?rest_route=\/wp\/v2\/pages\/93\/revisions\/96"}],"wp:attachment":[{"href":"https:\/\/cerak.fi\/index.php?rest_route=%2Fwp%2Fv2%2Fmedia&parent=93"}],"curies":[{"name":"wp","href":"https:\/\/api.w.org\/{rel}","templated":true}]}}