{"id":42,"date":"2017-04-25T07:06:10","date_gmt":"2017-04-25T07:06:10","guid":{"rendered":"http:\/\/cerak.fi\/?page_id=42"},"modified":"2017-04-27T04:12:24","modified_gmt":"2017-04-27T04:12:24","slug":"referenssit","status":"publish","type":"page","link":"https:\/\/cerak.fi\/?page_id=42","title":{"rendered":"REFERENSSIT"},"content":{"rendered":"<h2 align=\"LEFT\"><span style=\"font-family: Arial,serif;\"><span style=\"font-size: medium;\">Asiakkaidemme k\u00e4yt\u00f6ss\u00e4 on kokemustietoa, korkeatasoista asiantuntemusta, hyv\u00e4 toimialatietous ja taitoa soveltaa osaamista uusissa hankkeissa ja olosuhteissa.<\/span><\/span><\/h2> <p><span style=\"font-family: Arial,serif;\"><span style=\"font-size: small;\"><b>KOKEMUS:<br \/> <\/b>Yrityksen p\u00e4\u00e4omistajalla Juha Tuominiemell\u00e4 on yli 30 vuoden kokemus rakennushankkeiden tuotannon johdosta, rakennuttamisesta ja ty\u00f6maavalvonnasta.<\/span><\/span><\/p> <p><span style=\"font-family: Arial,serif;\"><span style=\"font-size: small;\"><b>OSAAMINEN:<br \/> <\/b>Lis\u00e4ksi h\u00e4n on suorittanut rakennustuotannon johdon- ( RTJ ), uudis- ja korjausrakennuttajan- ( RAP ja Kor RAP), kuntoarvioijan-, ylivalvojan- ja talotekniikan perusvalvojan p\u00e4tev\u00f6itymiskoulutusohjelmat, sek\u00e4 hankkinut m\u00e4rk\u00e4tilavalvojan p\u00e4tevyyden ja talonrakennusvalvojan FISE p\u00e4tevyyden.<\/span><\/span><\/p> <p><span style=\"font-family: Arial,serif;\"><span style=\"font-size: small;\">Juha Tuominiemi on RKL Raadin auktorisoima puolueeton rakennusasiantuntija<\/span><\/span><\/p> <p><span style=\"font-family: Arial,serif;\"><span style=\"font-size: small;\"><b>Jatkuva osaamisen kehitt\u00e4minen kouluttautumalla kuuluu toimintaperiaatteisiimme.<\/b><\/span><\/span><\/p> <p><span style=\"font-family: Arial,serif;\"><span style=\"font-size: small;\">Toimitamme henkil\u00f6- CV:n ja uusimman referenssilistan tarjouksen yhteydess\u00e4 tai erikseen pyydett\u00e4ess\u00e4.<br \/> <a href=\"http:\/\/cerak.fi\/wp-content\/uploads\/2017\/04\/12_2015_-REFERENSSILUETTELO_Juha-Tuominiemi_Uudenmaan-Cerak-Oy_.pdf\">REFERENSSILUETTELO<\/a><br \/> <\/span><\/span><\/p> <p><a href=\"http:\/\/cerak.fi\/wp-content\/uploads\/2017\/04\/Juha-Tuominiemi.jpg\"><img loading=\"lazy\" decoding=\"async\" class=\"alignnone size-medium wp-image-5\" src=\"http:\/\/cerak.fi\/wp-content\/uploads\/2017\/04\/Juha-Tuominiemi-217x300.jpg\" alt=\"\" width=\"217\" height=\"300\" \/><\/a><\/p> <p><strong> <span style=\"font-family: Arial,serif;\"><span style=\"font-size: small;\">Juha Tuominiemi<\/span><\/span><\/strong><strong><span style=\"font-family: Arial,serif;\"><span style=\"font-size: small;\">, <\/span><\/span><\/strong><strong><span style=\"font-family: Arial,serif;\"><span style=\"font-size: xx-small;\">rkm<\/span><\/span><\/strong><\/p> <p><strong> <span style=\"font-family: Arial,serif;\"><span style=\"font-size: small;\">Toimitusjohtaja<\/span><\/span><\/strong><span style=\"font-family: Arial,serif;\"><span style=\"font-size: small;\"><br \/> <\/span><\/span><span style=\"font-family: Arial,serif;\"><span style=\"font-size: small;\"> Rakennuttajakonsultti \/ rakennust\u00f6idenvalvoja<\/span><\/span><\/p> <p align=\"LEFT\"> ","protected":false},"excerpt":{"rendered":"<p>Asiakkaidemme k\u00e4yt\u00f6ss\u00e4 on kokemustietoa, korkeatasoista asiantuntemusta, hyv\u00e4 toimialatietous ja taitoa soveltaa osaamista uusissa hankkeissa ja olosuhteissa. KOKEMUS: Yrityksen p\u00e4\u00e4omistajalla Juha Tuominiemell\u00e4 on yli 30 vuoden kokemus rakennushankkeiden tuotannon johdosta, rakennuttamisesta ja ty\u00f6maavalvonnasta. OSAAMINEN: Lis\u00e4ksi h\u00e4n on suorittanut rakennustuotannon johdon- ( RTJ ), uudis- ja korjausrakennuttajan- ( RAP ja Kor RAP), kuntoarvioijan-, ylivalvojan- ja talotekniikan perusvalvojan [&hellip;]<\/p>\n","protected":false},"author":1,"featured_media":0,"parent":0,"menu_order":0,"comment_status":"closed","ping_status":"closed","template":"","meta":{"footnotes":""},"class_list":["post-42","page","type-page","status-publish","hentry"],"_links":{"self":[{"href":"https:\/\/cerak.fi\/index.php?rest_route=\/wp\/v2\/pages\/42","targetHints":{"allow":["GET"]}}],"collection":[{"href":"https:\/\/cerak.fi\/index.php?rest_route=\/wp\/v2\/pages"}],"about":[{"href":"https:\/\/cerak.fi\/index.php?rest_route=\/wp\/v2\/types\/page"}],"author":[{"embeddable":true,"href":"https:\/\/cerak.fi\/index.php?rest_route=\/wp\/v2\/users\/1"}],"replies":[{"embeddable":true,"href":"https:\/\/cerak.fi\/index.php?rest_route=%2Fwp%2Fv2%2Fcomments&post=42"}],"version-history":[{"count":9,"href":"https:\/\/cerak.fi\/index.php?rest_route=\/wp\/v2\/pages\/42\/revisions"}],"predecessor-version":[{"id":165,"href":"https:\/\/cerak.fi\/index.php?rest_route=\/wp\/v2\/pages\/42\/revisions\/165"}],"wp:attachment":[{"href":"https:\/\/cerak.fi\/index.php?rest_route=%2Fwp%2Fv2%2Fmedia&parent=42"}],"curies":[{"name":"wp","href":"https:\/\/api.w.org\/{rel}","templated":true}]}}