{"id":40,"date":"2017-04-25T07:05:10","date_gmt":"2017-04-25T07:05:10","guid":{"rendered":"http:\/\/cerak.fi\/?page_id=40"},"modified":"2017-04-25T11:53:17","modified_gmt":"2017-04-25T11:53:17","slug":"omakotirakentajille","status":"publish","type":"page","link":"https:\/\/cerak.fi\/?page_id=40","title":{"rendered":"Omakotirakentajille"},"content":{"rendered":"<ul> <li><span style=\"font-family: Arial,serif;\"><span style=\"font-size: small;\"><a href=\"http:\/\/cerak.fi\/wp-content\/uploads\/2017\/04\/IMG_8850-e1493106328377.jpg\"><img loading=\"lazy\" decoding=\"async\" class=\"alignright wp-image-78 size-medium\" src=\"http:\/\/cerak.fi\/wp-content\/uploads\/2017\/04\/IMG_8850-e1493106328377-224x300.jpg\" alt=\"\" width=\"224\" height=\"300\" srcset=\"https:\/\/cerak.fi\/wp-content\/uploads\/2017\/04\/IMG_8850-e1493106328377-224x300.jpg 224w, https:\/\/cerak.fi\/wp-content\/uploads\/2017\/04\/IMG_8850-e1493106328377.jpg 478w\" sizes=\"auto, (max-width: 224px) 100vw, 224px\" \/><\/a>Rakennuttamis- ja valvontapalvelu<\/span><\/span><\/li> <li><span style=\"font-family: Arial,serif;\"><span style=\"font-size: small;\">Vastaavanty\u00f6njohtajan teht\u00e4v\u00e4t<\/span><\/span><\/li> <li><span style=\"font-family: Arial,serif;\"><span style=\"font-size: small;\">P\u00e4\u00e4suunnittelijan teht\u00e4v\u00e4t<\/span><\/span><\/li> <li><span style=\"font-family: Arial,serif;\"><span style=\"font-size: small;\">Asiantuntijatarkastukset esim. talopaketin tai runkourakan vastaanottovaiheessa<\/span><\/span><\/li> <li><span style=\"font-family: Arial,serif;\"><span style=\"font-size: small;\">Lausunnot mm. rakennusriitatilanteissa ja riitojen sovittelu<\/span><\/span><\/li> <\/ul> ","protected":false},"excerpt":{"rendered":"<p>Rakennuttamis- ja valvontapalvelu Vastaavanty\u00f6njohtajan teht\u00e4v\u00e4t P\u00e4\u00e4suunnittelijan teht\u00e4v\u00e4t Asiantuntijatarkastukset esim. talopaketin tai runkourakan vastaanottovaiheessa Lausunnot mm. rakennusriitatilanteissa ja riitojen sovittelu<\/p>\n","protected":false},"author":1,"featured_media":0,"parent":0,"menu_order":0,"comment_status":"closed","ping_status":"closed","template":"","meta":{"footnotes":""},"class_list":["post-40","page","type-page","status-publish","hentry"],"_links":{"self":[{"href":"https:\/\/cerak.fi\/index.php?rest_route=\/wp\/v2\/pages\/40","targetHints":{"allow":["GET"]}}],"collection":[{"href":"https:\/\/cerak.fi\/index.php?rest_route=\/wp\/v2\/pages"}],"about":[{"href":"https:\/\/cerak.fi\/index.php?rest_route=\/wp\/v2\/types\/page"}],"author":[{"embeddable":true,"href":"https:\/\/cerak.fi\/index.php?rest_route=\/wp\/v2\/users\/1"}],"replies":[{"embeddable":true,"href":"https:\/\/cerak.fi\/index.php?rest_route=%2Fwp%2Fv2%2Fcomments&post=40"}],"version-history":[{"count":4,"href":"https:\/\/cerak.fi\/index.php?rest_route=\/wp\/v2\/pages\/40\/revisions"}],"predecessor-version":[{"id":80,"href":"https:\/\/cerak.fi\/index.php?rest_route=\/wp\/v2\/pages\/40\/revisions\/80"}],"wp:attachment":[{"href":"https:\/\/cerak.fi\/index.php?rest_route=%2Fwp%2Fv2%2Fmedia&parent=40"}],"curies":[{"name":"wp","href":"https:\/\/api.w.org\/{rel}","templated":true}]}}