{"id":38,"date":"2017-04-25T07:04:45","date_gmt":"2017-04-25T07:04:45","guid":{"rendered":"http:\/\/cerak.fi\/?page_id=38"},"modified":"2017-04-25T11:49:57","modified_gmt":"2017-04-25T11:49:57","slug":"huoneistojen-omistajille-myyjalle-ja-ostajalle","status":"publish","type":"page","link":"https:\/\/cerak.fi\/?page_id=38","title":{"rendered":"Huoneistojen omistajille, myyj\u00e4lle ja ostajalle"},"content":{"rendered":"<ul> <li><span style=\"font-family: Arial,serif;\"><span style=\"font-size: small;\"><a href=\"http:\/\/cerak.fi\/wp-content\/uploads\/2017\/04\/F025E48B-1D11-4CB3-BF71-A9A74CA8647C-e1493106392974.jpg\"><img loading=\"lazy\" decoding=\"async\" class=\"alignright wp-image-81 size-medium\" src=\"http:\/\/cerak.fi\/wp-content\/uploads\/2017\/04\/F025E48B-1D11-4CB3-BF71-A9A74CA8647C-e1493106392974-224x300.jpg\" alt=\"\" width=\"224\" height=\"300\" srcset=\"https:\/\/cerak.fi\/wp-content\/uploads\/2017\/04\/F025E48B-1D11-4CB3-BF71-A9A74CA8647C-e1493106392974-224x300.jpg 224w, https:\/\/cerak.fi\/wp-content\/uploads\/2017\/04\/F025E48B-1D11-4CB3-BF71-A9A74CA8647C-e1493106392974.jpg 478w\" sizes=\"auto, (max-width: 224px) 100vw, 224px\" \/><\/a>Uuden asunnon tarkastus (muuttotarkastus) ennen k\u00e4ytt\u00f6\u00f6nottoa, sis\u00e4lt\u00e4\u00e4 vakioraportin ja virhelistat valokuvin. L\u00e4ht\u00f6tietona myyntiesite<\/span><\/span><\/li> <li><span style=\"font-family: Arial,serif;\"><span style=\"font-size: small;\">Rakennusasiantuntijalausunnot mm. rakennusriitatilanteissa ja erimielisyyksien sovittelu<\/span><\/span><\/li> <li><span style=\"font-family: Arial,serif;\"><span style=\"font-size: small;\">Asuntojen rakennustekniset tarkastukset ennen perustajaurakoitsijan tai rakennusliikkeen vuositarkastusta tai takuutarkastusta<\/span><\/span><\/li> <\/ul> ","protected":false},"excerpt":{"rendered":"<p>Uuden asunnon tarkastus (muuttotarkastus) ennen k\u00e4ytt\u00f6\u00f6nottoa, sis\u00e4lt\u00e4\u00e4 vakioraportin ja virhelistat valokuvin. L\u00e4ht\u00f6tietona myyntiesite Rakennusasiantuntijalausunnot mm. rakennusriitatilanteissa ja erimielisyyksien sovittelu Asuntojen rakennustekniset tarkastukset ennen perustajaurakoitsijan tai rakennusliikkeen vuositarkastusta tai takuutarkastusta<\/p>\n","protected":false},"author":1,"featured_media":0,"parent":0,"menu_order":0,"comment_status":"closed","ping_status":"closed","template":"","meta":{"footnotes":""},"class_list":["post-38","page","type-page","status-publish","hentry"],"_links":{"self":[{"href":"https:\/\/cerak.fi\/index.php?rest_route=\/wp\/v2\/pages\/38","targetHints":{"allow":["GET"]}}],"collection":[{"href":"https:\/\/cerak.fi\/index.php?rest_route=\/wp\/v2\/pages"}],"about":[{"href":"https:\/\/cerak.fi\/index.php?rest_route=\/wp\/v2\/types\/page"}],"author":[{"embeddable":true,"href":"https:\/\/cerak.fi\/index.php?rest_route=\/wp\/v2\/users\/1"}],"replies":[{"embeddable":true,"href":"https:\/\/cerak.fi\/index.php?rest_route=%2Fwp%2Fv2%2Fcomments&post=38"}],"version-history":[{"count":3,"href":"https:\/\/cerak.fi\/index.php?rest_route=\/wp\/v2\/pages\/38\/revisions"}],"predecessor-version":[{"id":82,"href":"https:\/\/cerak.fi\/index.php?rest_route=\/wp\/v2\/pages\/38\/revisions\/82"}],"wp:attachment":[{"href":"https:\/\/cerak.fi\/index.php?rest_route=%2Fwp%2Fv2%2Fmedia&parent=38"}],"curies":[{"name":"wp","href":"https:\/\/api.w.org\/{rel}","templated":true}]}}