{"id":36,"date":"2017-04-25T07:04:19","date_gmt":"2017-04-25T07:04:19","guid":{"rendered":"http:\/\/cerak.fi\/?page_id=36"},"modified":"2017-04-25T11:50:33","modified_gmt":"2017-04-25T11:50:33","slug":"isannoitsijatoimistoille-ja-asuntoyhtioille","status":"publish","type":"page","link":"https:\/\/cerak.fi\/?page_id=36","title":{"rendered":"Is\u00e4nn\u00f6intitoimistoille ja asuntoyhti\u00f6ille"},"content":{"rendered":"<ul> <li><span style=\"font-family: Arial,serif;\"><span style=\"font-size: small;\">Korjaushankkeiden projektinjohto &#8211; ja rakennuttamisteht\u00e4v\u00e4t, sek\u00e4 toteutuksen valvonta<\/span><\/span><\/li> <li><span style=\"font-family: Arial,serif;\"><span style=\"font-size: small;\">Is\u00e4nn\u00f6itsij\u00e4n ja taloyhti\u00f6n hallituksen avustaminen hankesuunnittelun kilpailuttamisessa, suunnittelijavalinnat, suunnittelunohjaus, rakennuttajakonsultointi, projektijohtaja- tai projektip\u00e4\u00e4llik\u00f6n teht\u00e4v\u00e4t, sek\u00e4 p\u00e4\u00e4valvontateht\u00e4v\u00e4t. Tate- erikoisvalvonta tarvittaessa yhteisty\u00f6kumppaneittemme kautta.<\/span><\/span><\/li> <li><span style=\"font-family: Arial,serif;\"><span style=\"font-size: small;\">Suoritamme edell\u00e4 mainittuja teht\u00e4vi\u00e4 mm. linjasaneerausprojekteissa, rakennusten vesikatto-, piha-, salaoja- ja ulkovaippasaneerauksissa, sek\u00e4 huoneistoremonteissa<\/span><\/span><\/li> <li><span style=\"font-family: Arial,serif;\"><span style=\"font-size: small;\">Erikoishankkeet, kuten ullakkorakentamisen asiantuntijateht\u00e4v\u00e4t, suunnittelun ohjaus ja toteutuksen valvonta<\/span><\/span><\/li> <li><span style=\"font-family: Arial,serif;\"><span style=\"font-size: small;\">M\u00e4rk\u00e4tilatarkastukset, vedeneristystarkastukset ja kiinteist\u00f6konsultointi<\/span><\/span><\/li> <li><span style=\"font-family: Arial,serif;\"><span style=\"font-size: small;\">Vuosi- ja takuutarkastukset, asiantuntijateht\u00e4v\u00e4t, 10-v. vastuutarkastusten koordinointi ja rakennustekniset 10 v. tarkastukset<\/span><\/span><\/li> <li><span style=\"font-family: Arial,serif;\"><span style=\"font-size: small;\">Asuntokauppalain 22\u00a7 mukaiset rakennust\u00f6iden tarkkailijan teht\u00e4v\u00e4t<\/span><\/span><\/li> <li><span style=\"font-family: Arial,serif;\"><span style=\"font-size: small;\">Erikoistutkimusten kilpailuttaminen (mm. haitallisten aineiden tutkimukset, asbestikartoitukset, pohja &#8211; ja maaper\u00e4tutkimukset, mittaukset)<\/span><\/span><\/li> <li><span style=\"font-family: Arial,serif;\"><span style=\"font-size: small;\">Uuden asunnon tarkastukset ja yhteistilojen tarkastukset<\/span><\/span><\/li> <li><span style=\"font-family: Arial,serif;\"><span style=\"font-size: small;\">Turvallisuuskoordinaattorin teht\u00e4v\u00e4t<\/span><\/span><\/li> <li><span style=\"font-family: Arial,serif;\"><span style=\"font-size: small;\">Lausunnot, rakennusriita-asiat ja erimielisyyksien sovittelu<\/span><\/span><\/li> <\/ul> <p align=\"LEFT\"> ","protected":false},"excerpt":{"rendered":"<p>Korjaushankkeiden projektinjohto &#8211; ja rakennuttamisteht\u00e4v\u00e4t, sek\u00e4 toteutuksen valvonta Is\u00e4nn\u00f6itsij\u00e4n ja taloyhti\u00f6n hallituksen avustaminen hankesuunnittelun kilpailuttamisessa, suunnittelijavalinnat, suunnittelunohjaus, rakennuttajakonsultointi, projektijohtaja- tai projektip\u00e4\u00e4llik\u00f6n teht\u00e4v\u00e4t, sek\u00e4 p\u00e4\u00e4valvontateht\u00e4v\u00e4t. Tate- erikoisvalvonta tarvittaessa yhteisty\u00f6kumppaneittemme kautta. Suoritamme edell\u00e4 mainittuja teht\u00e4vi\u00e4 mm. linjasaneerausprojekteissa, rakennusten vesikatto-, piha-, salaoja- ja ulkovaippasaneerauksissa, sek\u00e4 huoneistoremonteissa Erikoishankkeet, kuten ullakkorakentamisen asiantuntijateht\u00e4v\u00e4t, suunnittelun ohjaus ja toteutuksen valvonta M\u00e4rk\u00e4tilatarkastukset, vedeneristystarkastukset ja [&hellip;]<\/p>\n","protected":false},"author":1,"featured_media":0,"parent":0,"menu_order":0,"comment_status":"closed","ping_status":"closed","template":"","meta":{"footnotes":""},"class_list":["post-36","page","type-page","status-publish","hentry"],"_links":{"self":[{"href":"https:\/\/cerak.fi\/index.php?rest_route=\/wp\/v2\/pages\/36","targetHints":{"allow":["GET"]}}],"collection":[{"href":"https:\/\/cerak.fi\/index.php?rest_route=\/wp\/v2\/pages"}],"about":[{"href":"https:\/\/cerak.fi\/index.php?rest_route=\/wp\/v2\/types\/page"}],"author":[{"embeddable":true,"href":"https:\/\/cerak.fi\/index.php?rest_route=\/wp\/v2\/users\/1"}],"replies":[{"embeddable":true,"href":"https:\/\/cerak.fi\/index.php?rest_route=%2Fwp%2Fv2%2Fcomments&post=36"}],"version-history":[{"count":3,"href":"https:\/\/cerak.fi\/index.php?rest_route=\/wp\/v2\/pages\/36\/revisions"}],"predecessor-version":[{"id":99,"href":"https:\/\/cerak.fi\/index.php?rest_route=\/wp\/v2\/pages\/36\/revisions\/99"}],"wp:attachment":[{"href":"https:\/\/cerak.fi\/index.php?rest_route=%2Fwp%2Fv2%2Fmedia&parent=36"}],"curies":[{"name":"wp","href":"https:\/\/api.w.org\/{rel}","templated":true}]}}