{"id":129,"date":"2017-04-25T12:20:07","date_gmt":"2017-04-25T12:20:07","guid":{"rendered":"http:\/\/cerak.fi\/?page_id=129"},"modified":"2017-04-27T04:21:33","modified_gmt":"2017-04-27T04:21:33","slug":"etusivu2","status":"publish","type":"page","link":"https:\/\/cerak.fi\/","title":{"rendered":"ETUSIVU"},"content":{"rendered":"<p><span style=\"font-family: Arial,serif;\"><span style=\"font-size: medium;\">Uudenmaa Cerak Oy on rakennusprojektien johtamiseen, rakennuttamiseen ja valvontaan erikoistunut asiantuntijayritys.<\/span><\/span><\/p> <p><span style=\"font-family: Arial,serif;\"><span style=\"font-size: medium;\">Palveluvalikoimamme kattaa talonrakennushankkeiden rakennuttamisen hankesuunnittelun kilpailuttamisesta, aina takuu &#8211; ja 10 v. vastuuajan teht\u00e4viin saakka.<\/span><\/span><\/p> <blockquote><p><span style=\"font-size: medium;\"><strong><span style=\"font-family: Arial,serif;\">Tarjoamme uudisrakennus- ja peruskorjaushankkeiden rakennuttamis-, projektinjohto- ja ty\u00f6maavalvontapalvelua, sek\u00e4 tarkastus- ja laadunhallintapalvelua p\u00e4\u00e4kaupunkiseudun ja l\u00e4hikuntien alueella.<\/span><\/strong><\/span><\/p><\/blockquote> <p><span style=\"font-family: Arial,serif;\"><span style=\"font-size: medium;\">Asiakkaitamme ovat mm. asunto-osakeyhti\u00f6t, is\u00e4nn\u00f6itsij\u00e4toimistot, yleishy\u00f6dylliset rakennuttajat, kiinteist\u00f6sijoittajat, rakennusliikkeiden rakennuttajaorganisaatiot, ty\u00f6maaorganisaatiot, yksityiset asunnonhankkijat ja omakotirakentajat, sek\u00e4 suunnittelutoimistot.<\/span><\/span><\/p> <blockquote><p><span style=\"font-size: medium;\"><strong><span style=\"font-family: Arial,serif;\">Yritys on perustettu vuonna 2005. Olemme rakennuttaneet ja valvoneet onnistuneesti useita kymmeni\u00e4 vaativia asuinrakennushankkeita ja toteuttaneet satoja pienempi\u00e4 konsultointi-, tarkastus &#8211; ja valvonta toimeksiantoja yhteisty\u00f6ss\u00e4 eri tilaajien kanssa.<\/span><\/strong><\/span><\/p><\/blockquote> <p align=\"LEFT\"><span style=\"font-family: Arial,serif;\"><span style=\"font-size: medium;\">Tarjoamme asiakkaidemme k\u00e4ytt\u00f6\u00f6n vankkaa kokemustietoa, korkeatasoista asiantuntemusta, hyv\u00e4\u00e4 toimialatietoutta ja taitoa soveltaa osaamista uusissa hankkeissa ja olosuhteissa.<\/span><\/span><\/p> <p align=\"LEFT\"><span style=\"font-family: Arial,serif;\"><span style=\"font-size: medium;\">Kuulumme tilaajavastuu.fi j\u00e4rjestelm\u00e4\u00e4n ja luottoluokituksemme on AAA<br \/> <a href=\"http:\/\/cerak.fi\/wp-content\/uploads\/2017\/04\/tilaajavastuu_logo.jpg\"><img loading=\"lazy\" decoding=\"async\" class=\"alignnone size-full wp-image-28\" src=\"http:\/\/cerak.fi\/wp-content\/uploads\/2017\/04\/tilaajavastuu_logo.jpg\" alt=\"\" width=\"193\" height=\"120\" \/><\/a> <a href=\"http:\/\/cerak.fi\/wp-content\/uploads\/2017\/04\/AAA_luottoluokitus-logo.png\"><img loading=\"lazy\" decoding=\"async\" class=\"alignnone size-medium wp-image-29\" src=\"http:\/\/cerak.fi\/wp-content\/uploads\/2017\/04\/AAA_luottoluokitus-logo.png\" alt=\"\" width=\"144\" height=\"90\" \/><br \/> <\/a><\/span><\/span><\/p> <h3 align=\"LEFT\"><span style=\"font-family: Arial,serif;\"><span style=\"font-size: large;\">Muokkaamme tarvittaessa palvelumme yksil\u00f6llisesti, aina asiakkaan tarpeiden ja toiveiden mukaan.<\/span><\/span><\/h3> ","protected":false},"excerpt":{"rendered":"<p>Uudenmaa Cerak Oy on rakennusprojektien johtamiseen, rakennuttamiseen ja valvontaan erikoistunut asiantuntijayritys. Palveluvalikoimamme kattaa talonrakennushankkeiden rakennuttamisen hankesuunnittelun kilpailuttamisesta, aina takuu &#8211; ja 10 v. vastuuajan teht\u00e4viin saakka. Tarjoamme uudisrakennus- ja peruskorjaushankkeiden rakennuttamis-, projektinjohto- ja ty\u00f6maavalvontapalvelua, sek\u00e4 tarkastus- ja laadunhallintapalvelua p\u00e4\u00e4kaupunkiseudun ja l\u00e4hikuntien alueella. Asiakkaitamme ovat mm. asunto-osakeyhti\u00f6t, is\u00e4nn\u00f6itsij\u00e4toimistot, yleishy\u00f6dylliset rakennuttajat, kiinteist\u00f6sijoittajat, rakennusliikkeiden rakennuttajaorganisaatiot, ty\u00f6maaorganisaatiot, yksityiset asunnonhankkijat [&hellip;]<\/p>\n","protected":false},"author":1,"featured_media":0,"parent":0,"menu_order":0,"comment_status":"closed","ping_status":"closed","template":"","meta":{"footnotes":""},"class_list":["post-129","page","type-page","status-publish","hentry"],"_links":{"self":[{"href":"https:\/\/cerak.fi\/index.php?rest_route=\/wp\/v2\/pages\/129","targetHints":{"allow":["GET"]}}],"collection":[{"href":"https:\/\/cerak.fi\/index.php?rest_route=\/wp\/v2\/pages"}],"about":[{"href":"https:\/\/cerak.fi\/index.php?rest_route=\/wp\/v2\/types\/page"}],"author":[{"embeddable":true,"href":"https:\/\/cerak.fi\/index.php?rest_route=\/wp\/v2\/users\/1"}],"replies":[{"embeddable":true,"href":"https:\/\/cerak.fi\/index.php?rest_route=%2Fwp%2Fv2%2Fcomments&post=129"}],"version-history":[{"count":7,"href":"https:\/\/cerak.fi\/index.php?rest_route=\/wp\/v2\/pages\/129\/revisions"}],"predecessor-version":[{"id":176,"href":"https:\/\/cerak.fi\/index.php?rest_route=\/wp\/v2\/pages\/129\/revisions\/176"}],"wp:attachment":[{"href":"https:\/\/cerak.fi\/index.php?rest_route=%2Fwp%2Fv2%2Fmedia&parent=129"}],"curies":[{"name":"wp","href":"https:\/\/api.w.org\/{rel}","templated":true}]}}